{"id":630,"date":"2022-11-04T18:24:17","date_gmt":"2022-11-04T17:24:17","guid":{"rendered":"https:\/\/latitmousse.fr\/?post_type=product&#038;p=630"},"modified":"2024-09-18T09:56:43","modified_gmt":"2024-09-18T07:56:43","slug":"lhappy-75cl","status":"publish","type":"product","link":"https:\/\/latitmousse.fr\/?product=lhappy-75cl","title":{"rendered":"L&rsquo;HAPPY 75CL"},"content":{"rendered":"","protected":false},"excerpt":{"rendered":"<p>IPA par la Tit&rsquo; Mousse<\/p>\n<p>Ambr\u00e9e l\u00e9g\u00e8rement ronde en bouche. Permet de pr\u00e9parer le palais \u00e0 la son amertume fruit\u00e9.<\/p>\n<p>5 &#8211; 6% vol. Alc. 47 IBU 25 EBC<\/p>\n","protected":false},"featured_media":379,"comment_status":"open","ping_status":"closed","template":"","meta":[],"product_brand":[],"product_cat":[33],"product_tag":[],"class_list":{"0":"post-630","1":"product","2":"type-product","3":"status-publish","4":"has-post-thumbnail","6":"product_cat-33","8":"first","9":"outofstock","10":"taxable","11":"shipping-taxable","12":"purchasable","13":"product-type-simple"},"_links":{"self":[{"href":"https:\/\/latitmousse.fr\/index.php?rest_route=\/wp\/v2\/product\/630"}],"collection":[{"href":"https:\/\/latitmousse.fr\/index.php?rest_route=\/wp\/v2\/product"}],"about":[{"href":"https:\/\/latitmousse.fr\/index.php?rest_route=\/wp\/v2\/types\/product"}],"replies":[{"embeddable":true,"href":"https:\/\/latitmousse.fr\/index.php?rest_route=%2Fwp%2Fv2%2Fcomments&post=630"}],"wp:featuredmedia":[{"embeddable":true,"href":"https:\/\/latitmousse.fr\/index.php?rest_route=\/wp\/v2\/media\/379"}],"wp:attachment":[{"href":"https:\/\/latitmousse.fr\/index.php?rest_route=%2Fwp%2Fv2%2Fmedia&parent=630"}],"wp:term":[{"taxonomy":"product_brand","embeddable":true,"href":"https:\/\/latitmousse.fr\/index.php?rest_route=%2Fwp%2Fv2%2Fproduct_brand&post=630"},{"taxonomy":"product_cat","embeddable":true,"href":"https:\/\/latitmousse.fr\/index.php?rest_route=%2Fwp%2Fv2%2Fproduct_cat&post=630"},{"taxonomy":"product_tag","embeddable":true,"href":"https:\/\/latitmousse.fr\/index.php?rest_route=%2Fwp%2Fv2%2Fproduct_tag&post=630"}],"curies":[{"name":"wp","href":"https:\/\/api.w.org\/{rel}","templated":true}]}}