{"id":627,"date":"2022-11-04T18:22:20","date_gmt":"2022-11-04T17:22:20","guid":{"rendered":"https:\/\/latitmousse.fr\/?post_type=product&#038;p=627"},"modified":"2024-09-18T09:58:53","modified_gmt":"2024-09-18T07:58:53","slug":"labbaye-75cl","status":"publish","type":"product","link":"https:\/\/latitmousse.fr\/?product=labbaye-75cl","title":{"rendered":"L&rsquo;ABBAYE 75CL"},"content":{"rendered":"<p>&nbsp;<\/p>\n<p>&nbsp;<\/p>\n","protected":false},"excerpt":{"rendered":"<p>Bi\u00e8re de caract\u00e8re, \u00e0 la robe dor\u00e9e. Bouche ronde, \u00e9pic\u00e9e et fruit\u00e9e. Bi\u00e8re cat\u00e9goris\u00e9e triple.<\/p>\n<p>7 &#8211; 8% vol. Alc. 20 IBU 10 EBC<\/p>\n","protected":false},"featured_media":489,"comment_status":"open","ping_status":"closed","template":"","meta":[],"product_brand":[],"product_cat":[33],"product_tag":[],"class_list":{"0":"post-627","1":"product","2":"type-product","3":"status-publish","4":"has-post-thumbnail","6":"product_cat-33","8":"first","9":"outofstock","10":"taxable","11":"shipping-taxable","12":"purchasable","13":"product-type-simple"},"_links":{"self":[{"href":"https:\/\/latitmousse.fr\/index.php?rest_route=\/wp\/v2\/product\/627"}],"collection":[{"href":"https:\/\/latitmousse.fr\/index.php?rest_route=\/wp\/v2\/product"}],"about":[{"href":"https:\/\/latitmousse.fr\/index.php?rest_route=\/wp\/v2\/types\/product"}],"replies":[{"embeddable":true,"href":"https:\/\/latitmousse.fr\/index.php?rest_route=%2Fwp%2Fv2%2Fcomments&post=627"}],"wp:featuredmedia":[{"embeddable":true,"href":"https:\/\/latitmousse.fr\/index.php?rest_route=\/wp\/v2\/media\/489"}],"wp:attachment":[{"href":"https:\/\/latitmousse.fr\/index.php?rest_route=%2Fwp%2Fv2%2Fmedia&parent=627"}],"wp:term":[{"taxonomy":"product_brand","embeddable":true,"href":"https:\/\/latitmousse.fr\/index.php?rest_route=%2Fwp%2Fv2%2Fproduct_brand&post=627"},{"taxonomy":"product_cat","embeddable":true,"href":"https:\/\/latitmousse.fr\/index.php?rest_route=%2Fwp%2Fv2%2Fproduct_cat&post=627"},{"taxonomy":"product_tag","embeddable":true,"href":"https:\/\/latitmousse.fr\/index.php?rest_route=%2Fwp%2Fv2%2Fproduct_tag&post=627"}],"curies":[{"name":"wp","href":"https:\/\/api.w.org\/{rel}","templated":true}]}}