{"id":208,"date":"2020-11-09T19:45:17","date_gmt":"2020-11-09T18:45:17","guid":{"rendered":"http:\/\/latitmousse.fr\/?post_type=product&#038;p=208"},"modified":"2024-09-18T10:23:51","modified_gmt":"2024-09-18T08:23:51","slug":"la-blanche-50cl","status":"publish","type":"product","link":"https:\/\/latitmousse.fr\/?product=la-blanche-50cl","title":{"rendered":"LA BLANCHE 50CL"},"content":{"rendered":"<p>&nbsp;<\/p>\n<p>&nbsp;<\/p>\n","protected":false},"excerpt":{"rendered":"<p>Bi\u00e8re au malt d&rsquo;orge et malt de bl\u00e9, au nez agrume. L\u00e9g\u00e8re et d\u00e9salt\u00e9rante en bouche. Utilisation du houblon en Houblonage \u00e0 cru.<\/p>\n<p>5 &#8211; 5,5% vol. Alc. 21 IBU 6,6 EBC<\/p>\n<p>&nbsp;<\/p>\n","protected":false},"featured_media":490,"comment_status":"open","ping_status":"closed","template":"","meta":[],"product_brand":[],"product_cat":[35],"product_tag":[],"class_list":{"0":"post-208","1":"product","2":"type-product","3":"status-publish","4":"has-post-thumbnail","6":"product_cat-les-bieres-en-50cl","8":"first","9":"outofstock","10":"taxable","11":"shipping-taxable","12":"purchasable","13":"product-type-simple"},"_links":{"self":[{"href":"https:\/\/latitmousse.fr\/index.php?rest_route=\/wp\/v2\/product\/208"}],"collection":[{"href":"https:\/\/latitmousse.fr\/index.php?rest_route=\/wp\/v2\/product"}],"about":[{"href":"https:\/\/latitmousse.fr\/index.php?rest_route=\/wp\/v2\/types\/product"}],"replies":[{"embeddable":true,"href":"https:\/\/latitmousse.fr\/index.php?rest_route=%2Fwp%2Fv2%2Fcomments&post=208"}],"wp:featuredmedia":[{"embeddable":true,"href":"https:\/\/latitmousse.fr\/index.php?rest_route=\/wp\/v2\/media\/490"}],"wp:attachment":[{"href":"https:\/\/latitmousse.fr\/index.php?rest_route=%2Fwp%2Fv2%2Fmedia&parent=208"}],"wp:term":[{"taxonomy":"product_brand","embeddable":true,"href":"https:\/\/latitmousse.fr\/index.php?rest_route=%2Fwp%2Fv2%2Fproduct_brand&post=208"},{"taxonomy":"product_cat","embeddable":true,"href":"https:\/\/latitmousse.fr\/index.php?rest_route=%2Fwp%2Fv2%2Fproduct_cat&post=208"},{"taxonomy":"product_tag","embeddable":true,"href":"https:\/\/latitmousse.fr\/index.php?rest_route=%2Fwp%2Fv2%2Fproduct_tag&post=208"}],"curies":[{"name":"wp","href":"https:\/\/api.w.org\/{rel}","templated":true}]}}