{"id":196,"date":"2020-11-09T19:07:51","date_gmt":"2020-11-09T18:07:51","guid":{"rendered":"http:\/\/latitmousse.fr\/?post_type=product&#038;p=196"},"modified":"2024-09-18T10:17:16","modified_gmt":"2024-09-18T08:17:16","slug":"la-blonde-33","status":"publish","type":"product","link":"https:\/\/latitmousse.fr\/?product=la-blonde-33","title":{"rendered":"LA BLONDE 33CL"},"content":{"rendered":"<p>&nbsp;<\/p>\n<p>&nbsp;<\/p>\n","protected":false},"excerpt":{"rendered":"<p>Bi\u00e8re l\u00e9g\u00e8rement ronde en bouche. Nez et bouche \u00e9pic\u00e9e, amertume l\u00e9g\u00e8rement fruit\u00e9e.<\/p>\n<p>5,5 &#8211; 6% vol. Alc. 21 IBU 10 EBC<\/p>\n","protected":false},"featured_media":483,"comment_status":"open","ping_status":"closed","template":"","meta":[],"product_brand":[],"product_cat":[25],"product_tag":[],"class_list":{"0":"post-196","1":"product","2":"type-product","3":"status-publish","4":"has-post-thumbnail","6":"product_cat-33cl","8":"first","9":"outofstock","10":"taxable","11":"shipping-taxable","12":"purchasable","13":"product-type-simple"},"_links":{"self":[{"href":"https:\/\/latitmousse.fr\/index.php?rest_route=\/wp\/v2\/product\/196"}],"collection":[{"href":"https:\/\/latitmousse.fr\/index.php?rest_route=\/wp\/v2\/product"}],"about":[{"href":"https:\/\/latitmousse.fr\/index.php?rest_route=\/wp\/v2\/types\/product"}],"replies":[{"embeddable":true,"href":"https:\/\/latitmousse.fr\/index.php?rest_route=%2Fwp%2Fv2%2Fcomments&post=196"}],"wp:featuredmedia":[{"embeddable":true,"href":"https:\/\/latitmousse.fr\/index.php?rest_route=\/wp\/v2\/media\/483"}],"wp:attachment":[{"href":"https:\/\/latitmousse.fr\/index.php?rest_route=%2Fwp%2Fv2%2Fmedia&parent=196"}],"wp:term":[{"taxonomy":"product_brand","embeddable":true,"href":"https:\/\/latitmousse.fr\/index.php?rest_route=%2Fwp%2Fv2%2Fproduct_brand&post=196"},{"taxonomy":"product_cat","embeddable":true,"href":"https:\/\/latitmousse.fr\/index.php?rest_route=%2Fwp%2Fv2%2Fproduct_cat&post=196"},{"taxonomy":"product_tag","embeddable":true,"href":"https:\/\/latitmousse.fr\/index.php?rest_route=%2Fwp%2Fv2%2Fproduct_tag&post=196"}],"curies":[{"name":"wp","href":"https:\/\/api.w.org\/{rel}","templated":true}]}}